{"id":5256,"date":"2021-03-04T09:22:19","date_gmt":"2021-03-04T07:22:19","guid":{"rendered":"https:\/\/woodyarc.com\/kontakta-oss\/"},"modified":"2025-11-12T11:45:32","modified_gmt":"2025-11-12T09:45:32","slug":"kontakta-oss","status":"publish","type":"page","link":"https:\/\/woodyarc.com\/sv\/kontakta-oss\/","title":{"rendered":"Kontakta oss"},"content":{"rendered":"\t\t<div data-elementor-type=\"wp-page\" data-elementor-id=\"5256\" class=\"elementor elementor-5256 elementor-845\" data-elementor-post-type=\"page\">\n\t\t\t\t\t\t<section class=\"elementor-section elementor-top-section elementor-element elementor-element-14c985a elementor-section-height-min-height elementor-section-stretched elementor-section-boxed elementor-section-height-default elementor-section-items-middle\" data-id=\"14c985a\" data-element_type=\"section\" data-e-type=\"section\" data-settings=\"{&quot;jet_parallax_layout_list&quot;:[{&quot;jet_parallax_layout_image&quot;:{&quot;url&quot;:&quot;&quot;,&quot;id&quot;:&quot;&quot;,&quot;size&quot;:&quot;&quot;},&quot;_id&quot;:&quot;5863e54&quot;,&quot;jet_parallax_layout_image_tablet&quot;:{&quot;url&quot;:&quot;&quot;,&quot;id&quot;:&quot;&quot;,&quot;size&quot;:&quot;&quot;},&quot;jet_parallax_layout_image_mobile&quot;:{&quot;url&quot;:&quot;&quot;,&quot;id&quot;:&quot;&quot;,&quot;size&quot;:&quot;&quot;},&quot;jet_parallax_layout_speed&quot;:{&quot;unit&quot;:&quot;%&quot;,&quot;size&quot;:50,&quot;sizes&quot;:[]},&quot;jet_parallax_layout_type&quot;:&quot;scroll&quot;,&quot;jet_parallax_layout_direction&quot;:&quot;1&quot;,&quot;jet_parallax_layout_fx_direction&quot;:null,&quot;jet_parallax_layout_z_index&quot;:&quot;&quot;,&quot;jet_parallax_layout_bg_x&quot;:50,&quot;jet_parallax_layout_bg_x_tablet&quot;:&quot;&quot;,&quot;jet_parallax_layout_bg_x_mobile&quot;:&quot;&quot;,&quot;jet_parallax_layout_bg_y&quot;:50,&quot;jet_parallax_layout_bg_y_tablet&quot;:&quot;&quot;,&quot;jet_parallax_layout_bg_y_mobile&quot;:&quot;&quot;,&quot;jet_parallax_layout_bg_size&quot;:&quot;auto&quot;,&quot;jet_parallax_layout_bg_size_tablet&quot;:&quot;&quot;,&quot;jet_parallax_layout_bg_size_mobile&quot;:&quot;&quot;,&quot;jet_parallax_layout_animation_prop&quot;:&quot;transform&quot;,&quot;jet_parallax_layout_on&quot;:[&quot;desktop&quot;,&quot;tablet&quot;]}],&quot;background_background&quot;:&quot;classic&quot;,&quot;stretch_section&quot;:&quot;section-stretched&quot;}\">\n\t\t\t\t\t\t\t<div class=\"elementor-background-overlay\"><\/div>\n\t\t\t\t\t\t\t<div class=\"elementor-container elementor-column-gap-default\">\n\t\t\t\t\t<div class=\"elementor-column elementor-col-100 elementor-top-column elementor-element elementor-element-896ca18\" data-id=\"896ca18\" data-element_type=\"column\" data-e-type=\"column\">\n\t\t\t<div class=\"elementor-widget-wrap elementor-element-populated\">\n\t\t\t\t\t\t<div class=\"elementor-element elementor-element-1d7d7d1 elementor-invisible elementor-widget elementor-widget-heading\" data-id=\"1d7d7d1\" data-element_type=\"widget\" data-e-type=\"widget\" data-settings=\"{&quot;_animation&quot;:&quot;fadeIn&quot;}\" data-widget_type=\"heading.default\">\n\t\t\t\t<div class=\"elementor-widget-container\">\n\t\t\t\t\t<h1 class=\"elementor-heading-title elementor-size-default\">Kontakta oss<\/h1>\t\t\t\t<\/div>\n\t\t\t\t<\/div>\n\t\t\t\t<div class=\"elementor-element elementor-element-b1e4fae elementor-invisible elementor-widget elementor-widget-text-editor\" data-id=\"b1e4fae\" data-element_type=\"widget\" data-e-type=\"widget\" data-settings=\"{&quot;_animation&quot;:&quot;fadeIn&quot;}\" data-widget_type=\"text-editor.default\">\n\t\t\t\t<div class=\"elementor-widget-container\">\n\t\t\t\t\t\t\t\t\t<p>Best\u00e4ll ett materialprov eller fr\u00e5ga efter mer information.<\/p>\t\t\t\t\t\t\t\t<\/div>\n\t\t\t\t<\/div>\n\t\t\t\t\t<\/div>\n\t\t<\/div>\n\t\t\t\t\t<\/div>\n\t\t<\/section>\n\t\t\t\t<section class=\"elementor-section elementor-top-section elementor-element elementor-element-59a70f9 elementor-section-boxed elementor-section-height-default elementor-section-height-default\" data-id=\"59a70f9\" data-element_type=\"section\" data-e-type=\"section\" data-settings=\"{&quot;jet_parallax_layout_list&quot;:[{&quot;jet_parallax_layout_image&quot;:{&quot;url&quot;:&quot;&quot;,&quot;id&quot;:&quot;&quot;,&quot;size&quot;:&quot;&quot;},&quot;_id&quot;:&quot;69a07b9&quot;,&quot;jet_parallax_layout_image_tablet&quot;:{&quot;url&quot;:&quot;&quot;,&quot;id&quot;:&quot;&quot;,&quot;size&quot;:&quot;&quot;},&quot;jet_parallax_layout_image_mobile&quot;:{&quot;url&quot;:&quot;&quot;,&quot;id&quot;:&quot;&quot;,&quot;size&quot;:&quot;&quot;},&quot;jet_parallax_layout_speed&quot;:{&quot;unit&quot;:&quot;%&quot;,&quot;size&quot;:50,&quot;sizes&quot;:[]},&quot;jet_parallax_layout_type&quot;:&quot;scroll&quot;,&quot;jet_parallax_layout_direction&quot;:&quot;1&quot;,&quot;jet_parallax_layout_fx_direction&quot;:null,&quot;jet_parallax_layout_z_index&quot;:&quot;&quot;,&quot;jet_parallax_layout_bg_x&quot;:50,&quot;jet_parallax_layout_bg_x_tablet&quot;:&quot;&quot;,&quot;jet_parallax_layout_bg_x_mobile&quot;:&quot;&quot;,&quot;jet_parallax_layout_bg_y&quot;:50,&quot;jet_parallax_layout_bg_y_tablet&quot;:&quot;&quot;,&quot;jet_parallax_layout_bg_y_mobile&quot;:&quot;&quot;,&quot;jet_parallax_layout_bg_size&quot;:&quot;auto&quot;,&quot;jet_parallax_layout_bg_size_tablet&quot;:&quot;&quot;,&quot;jet_parallax_layout_bg_size_mobile&quot;:&quot;&quot;,&quot;jet_parallax_layout_animation_prop&quot;:&quot;transform&quot;,&quot;jet_parallax_layout_on&quot;:[&quot;desktop&quot;,&quot;tablet&quot;]}]}\">\n\t\t\t\t\t\t<div class=\"elementor-container elementor-column-gap-default\">\n\t\t\t\t\t<div class=\"elementor-column elementor-col-66 elementor-top-column elementor-element elementor-element-ce53f7f\" data-id=\"ce53f7f\" data-element_type=\"column\" data-e-type=\"column\" id=\"tilaa\">\n\t\t\t<div class=\"elementor-widget-wrap elementor-element-populated\">\n\t\t\t\t\t\t<div class=\"elementor-element elementor-element-67c5410 elementor-widget elementor-widget-text-editor\" data-id=\"67c5410\" data-element_type=\"widget\" data-e-type=\"widget\" data-widget_type=\"text-editor.default\">\n\t\t\t\t<div class=\"elementor-widget-container\">\n\t\t\t\t\t\t\t\t\t<p>Best\u00e4ll ett materialprov<\/p>\t\t\t\t\t\t\t\t<\/div>\n\t\t\t\t<\/div>\n\t\t\t\t<div class=\"elementor-element elementor-element-258843e elementor-widget elementor-widget-text-editor\" data-id=\"258843e\" data-element_type=\"widget\" data-e-type=\"widget\" data-widget_type=\"text-editor.default\">\n\t\t\t\t<div class=\"elementor-widget-container\">\n\t\t\t\t\t\t\t\t\t<p>Best\u00e4ll ett materialprov med hj\u00e4lp av formul\u00e4ret nedan.<\/p>\t\t\t\t\t\t\t\t<\/div>\n\t\t\t\t<\/div>\n\t\t\t\t<div class=\"elementor-element elementor-element-73b8e44 elementor-button-align-stretch elementor-widget elementor-widget-form\" data-id=\"73b8e44\" data-element_type=\"widget\" data-e-type=\"widget\" data-settings=\"{&quot;step_next_label&quot;:&quot;Next&quot;,&quot;step_previous_label&quot;:&quot;Previous&quot;,&quot;button_width&quot;:&quot;100&quot;,&quot;step_type&quot;:&quot;number_text&quot;,&quot;step_icon_shape&quot;:&quot;circle&quot;}\" data-widget_type=\"form.default\">\n\t\t\t\t<div class=\"elementor-widget-container\">\n\t\t\t\t\t\t\t<form class=\"elementor-form\" method=\"post\" name=\"New Form\" aria-label=\"New Form\">\n\t\t\t<input type=\"hidden\" name=\"post_id\" value=\"5256\"\/>\n\t\t\t<input type=\"hidden\" name=\"form_id\" value=\"73b8e44\"\/>\n\t\t\t<input type=\"hidden\" name=\"referer_title\" value=\"Kontakt | Woodyarc - inredning och akustik i tr\u00e4 | Tammerfors\" \/>\n\n\t\t\t\t\t\t\t<input type=\"hidden\" name=\"queried_id\" value=\"5256\"\/>\n\t\t\t\n\t\t\t<div class=\"elementor-form-fields-wrapper elementor-labels-\">\n\t\t\t\t\t\t\t\t<div class=\"elementor-field-type-text elementor-field-group elementor-column elementor-field-group-name elementor-col-33\">\n\t\t\t\t\t\t\t\t\t\t\t\t<label for=\"form-field-name\" class=\"elementor-field-label elementor-screen-only\">\n\t\t\t\t\t\t\t\tNimi\t\t\t\t\t\t\t<\/label>\n\t\t\t\t\t\t\t\t\t\t\t\t\t\t<input size=\"1\" type=\"text\" name=\"form_fields[name]\" id=\"form-field-name\" class=\"elementor-field elementor-size-sm  elementor-field-textual\" placeholder=\"Namn\">\n\t\t\t\t\t\t\t\t\t\t\t<\/div>\n\t\t\t\t\t\t\t\t<div class=\"elementor-field-type-email elementor-field-group elementor-column elementor-field-group-email elementor-col-33 elementor-field-required\">\n\t\t\t\t\t\t\t\t\t\t\t\t<label for=\"form-field-email\" class=\"elementor-field-label elementor-screen-only\">\n\t\t\t\t\t\t\t\tS\u00e4hk\u00f6postiosoite\t\t\t\t\t\t\t<\/label>\n\t\t\t\t\t\t\t\t\t\t\t\t\t\t<input size=\"1\" type=\"email\" name=\"form_fields[email]\" id=\"form-field-email\" class=\"elementor-field elementor-size-sm  elementor-field-textual\" placeholder=\"E-postaladress\" required=\"required\">\n\t\t\t\t\t\t\t\t\t\t\t<\/div>\n\t\t\t\t\t\t\t\t<div class=\"elementor-field-type-text elementor-field-group elementor-column elementor-field-group-field_a53d28a elementor-col-33 elementor-field-required\">\n\t\t\t\t\t\t\t\t\t\t\t\t<label for=\"form-field-field_a53d28a\" class=\"elementor-field-label elementor-screen-only\">\n\t\t\t\t\t\t\t\tPuhelin\t\t\t\t\t\t\t<\/label>\n\t\t\t\t\t\t\t\t\t\t\t\t\t\t<input size=\"1\" type=\"text\" name=\"form_fields[field_a53d28a]\" id=\"form-field-field_a53d28a\" class=\"elementor-field elementor-size-sm  elementor-field-textual\" placeholder=\"Telefon\" required=\"required\">\n\t\t\t\t\t\t\t\t\t\t\t<\/div>\n\t\t\t\t\t\t\t\t<div class=\"elementor-field-type-text elementor-field-group elementor-column elementor-field-group-field_a43f242 elementor-col-50\">\n\t\t\t\t\t\t\t\t\t\t\t\t<label for=\"form-field-field_a43f242\" class=\"elementor-field-label elementor-screen-only\">\n\t\t\t\t\t\t\t\tYritys\t\t\t\t\t\t\t<\/label>\n\t\t\t\t\t\t\t\t\t\t\t\t\t\t<input size=\"1\" type=\"text\" name=\"form_fields[field_a43f242]\" id=\"form-field-field_a43f242\" class=\"elementor-field elementor-size-sm  elementor-field-textual\" placeholder=\"F\u00f6retag\">\n\t\t\t\t\t\t\t\t\t\t\t<\/div>\n\t\t\t\t\t\t\t\t<div class=\"elementor-field-type-text elementor-field-group elementor-column elementor-field-group-field_53a60ae elementor-col-50\">\n\t\t\t\t\t\t\t\t\t\t\t\t<label for=\"form-field-field_53a60ae\" class=\"elementor-field-label elementor-screen-only\">\n\t\t\t\t\t\t\t\tOsoite\t\t\t\t\t\t\t<\/label>\n\t\t\t\t\t\t\t\t\t\t\t\t\t\t<input size=\"1\" type=\"text\" name=\"form_fields[field_53a60ae]\" id=\"form-field-field_53a60ae\" class=\"elementor-field elementor-size-sm  elementor-field-textual\" placeholder=\"Adress\">\n\t\t\t\t\t\t\t\t\t\t\t<\/div>\n\t\t\t\t\t\t\t\t<div class=\"elementor-field-type-text elementor-field-group elementor-column elementor-field-group-field_51b47f6 elementor-col-100\">\n\t\t\t\t\t\t\t\t\t\t\t\t<label for=\"form-field-field_51b47f6\" class=\"elementor-field-label elementor-screen-only\">\n\t\t\t\t\t\t\t\tProjekti\t\t\t\t\t\t\t<\/label>\n\t\t\t\t\t\t\t\t\t\t\t\t\t\t<input size=\"1\" type=\"text\" name=\"form_fields[field_51b47f6]\" id=\"form-field-field_51b47f6\" class=\"elementor-field elementor-size-sm  elementor-field-textual\" placeholder=\"Projekt\">\n\t\t\t\t\t\t\t\t\t\t\t<\/div>\n\t\t\t\t\t\t\t\t<div class=\"elementor-field-type-textarea elementor-field-group elementor-column elementor-field-group-message elementor-col-100\">\n\t\t\t\t\t\t\t\t\t\t\t\t<label for=\"form-field-message\" class=\"elementor-field-label elementor-screen-only\">\n\t\t\t\t\t\t\t\tLis\u00e4tietoja\t\t\t\t\t\t\t<\/label>\n\t\t\t\t\t\t<textarea class=\"elementor-field-textual elementor-field  elementor-size-sm\" name=\"form_fields[message]\" id=\"form-field-message\" rows=\"4\" placeholder=\"Skriv ditt meddelande h\u00e4r\"><\/textarea>\t\t\t\t<\/div>\n\t\t\t\t\t\t\t\t<div class=\"elementor-field-group elementor-column elementor-field-type-submit elementor-col-100 e-form__buttons\">\n\t\t\t\t\t<button class=\"elementor-button elementor-size-sm\" type=\"submit\">\n\t\t\t\t\t\t<span class=\"elementor-button-content-wrapper\">\n\t\t\t\t\t\t\t\t\t\t\t\t\t\t\t<span class=\"elementor-button-icon\">\n\t\t\t\t\t\t\t\t\t<i aria-hidden=\"true\" class=\"fas fa-angle-right\"><\/i>\t\t\t\t\t\t\t\t\t\t\t\t\t\t\t\t\t<\/span>\n\t\t\t\t\t\t\t\t\t\t\t\t\t\t\t\t\t\t\t\t\t\t<span class=\"elementor-button-text\">Skicka Till<\/span>\n\t\t\t\t\t\t\t\t\t\t\t\t\t<\/span>\n\t\t\t\t\t<\/button>\n\t\t\t\t<\/div>\n\t\t\t<\/div>\n\t\t<\/form>\n\t\t\t\t\t\t<\/div>\n\t\t\t\t<\/div>\n\t\t\t\t\t<\/div>\n\t\t<\/div>\n\t\t\t\t<div class=\"elementor-column elementor-col-33 elementor-top-column elementor-element elementor-element-b1f7222\" data-id=\"b1f7222\" data-element_type=\"column\" data-e-type=\"column\">\n\t\t\t<div class=\"elementor-widget-wrap elementor-element-populated\">\n\t\t\t\t\t\t<div class=\"elementor-element elementor-element-18c93d91 elementor-widget elementor-widget-text-editor\" data-id=\"18c93d91\" data-element_type=\"widget\" data-e-type=\"widget\" data-widget_type=\"text-editor.default\">\n\t\t\t\t<div class=\"elementor-widget-container\">\n\t\t\t\t\t\t\t\t\t<p>Kontakt<\/p>\t\t\t\t\t\t\t\t<\/div>\n\t\t\t\t<\/div>\n\t\t\t\t<div class=\"elementor-element elementor-element-5278322 elementor-icon-list--layout-traditional elementor-list-item-link-full_width elementor-widget elementor-widget-icon-list\" data-id=\"5278322\" data-element_type=\"widget\" data-e-type=\"widget\" data-widget_type=\"icon-list.default\">\n\t\t\t\t<div class=\"elementor-widget-container\">\n\t\t\t\t\t\t\t<ul class=\"elementor-icon-list-items\">\n\t\t\t\t\t\t\t<li class=\"elementor-icon-list-item\">\n\t\t\t\t\t\t\t\t\t\t\t<span class=\"elementor-icon-list-icon\">\n\t\t\t\t\t\t\t<i aria-hidden=\"true\" class=\"far fa-envelope\"><\/i>\t\t\t\t\t\t<\/span>\n\t\t\t\t\t\t\t\t\t\t<span class=\"elementor-icon-list-text\">info@woodyarc.fi<\/span>\n\t\t\t\t\t\t\t\t\t<\/li>\n\t\t\t\t\t\t\t\t<li class=\"elementor-icon-list-item\">\n\t\t\t\t\t\t\t\t\t\t\t<span class=\"elementor-icon-list-icon\">\n\t\t\t\t\t\t\t<i aria-hidden=\"true\" class=\"fas fa-phone-volume\"><\/i>\t\t\t\t\t\t<\/span>\n\t\t\t\t\t\t\t\t\t\t<span class=\"elementor-icon-list-text\">+358 400 104371<\/span>\n\t\t\t\t\t\t\t\t\t<\/li>\n\t\t\t\t\t\t\t\t<li class=\"elementor-icon-list-item\">\n\t\t\t\t\t\t\t\t\t\t\t<span class=\"elementor-icon-list-icon\">\n\t\t\t\t\t\t\t<i aria-hidden=\"true\" class=\"fas fa-map-marker-alt\"><\/i>\t\t\t\t\t\t<\/span>\n\t\t\t\t\t\t\t\t\t\t<span class=\"elementor-icon-list-text\">Woodyarc Oy<br>Henry Fordin katu 5K<br>00150 Helsingfors<\/span>\n\t\t\t\t\t\t\t\t\t<\/li>\n\t\t\t\t\t\t<\/ul>\n\t\t\t\t\t\t<\/div>\n\t\t\t\t<\/div>\n\t\t\t\t<div class=\"elementor-element elementor-element-cb06dcb elementor-widget elementor-widget-text-editor\" data-id=\"cb06dcb\" data-element_type=\"widget\" data-e-type=\"widget\" data-widget_type=\"text-editor.default\">\n\t\t\t\t<div class=\"elementor-widget-container\">\n\t\t\t\t\t\t\t\t\t<p>Entrepren\u00f6r:<\/p>\t\t\t\t\t\t\t\t<\/div>\n\t\t\t\t<\/div>\n\t\t\t\t<div class=\"elementor-element elementor-element-69266b3 elementor-icon-list--layout-traditional elementor-list-item-link-full_width elementor-widget elementor-widget-icon-list\" data-id=\"69266b3\" data-element_type=\"widget\" data-e-type=\"widget\" data-widget_type=\"icon-list.default\">\n\t\t\t\t<div class=\"elementor-widget-container\">\n\t\t\t\t\t\t\t<ul class=\"elementor-icon-list-items\">\n\t\t\t\t\t\t\t<li class=\"elementor-icon-list-item\">\n\t\t\t\t\t\t\t\t\t\t\t<span class=\"elementor-icon-list-icon\">\n\t\t\t\t\t\t\t<i aria-hidden=\"true\" class=\"far fa-user\"><\/i>\t\t\t\t\t\t<\/span>\n\t\t\t\t\t\t\t\t\t\t<span class=\"elementor-icon-list-text\">ilkka.manner@woodyarc.fi<\/span>\n\t\t\t\t\t\t\t\t\t<\/li>\n\t\t\t\t\t\t<\/ul>\n\t\t\t\t\t\t<\/div>\n\t\t\t\t<\/div>\n\t\t\t\t<div class=\"elementor-element elementor-element-777f97e elementor-widget elementor-widget-text-editor\" data-id=\"777f97e\" data-element_type=\"widget\" data-e-type=\"widget\" data-widget_type=\"text-editor.default\">\n\t\t\t\t<div class=\"elementor-widget-container\">\n\t\t\t\t\t\t\t\t\t<p>N\u00e5gra profiler<\/p>\t\t\t\t\t\t\t\t<\/div>\n\t\t\t\t<\/div>\n\t\t\t\t<div class=\"elementor-element elementor-element-5195874 e-grid-align-left elementor-shape-rounded elementor-grid-0 elementor-widget elementor-widget-social-icons\" data-id=\"5195874\" data-element_type=\"widget\" data-e-type=\"widget\" data-widget_type=\"social-icons.default\">\n\t\t\t\t<div class=\"elementor-widget-container\">\n\t\t\t\t\t\t\t<div class=\"elementor-social-icons-wrapper elementor-grid\" role=\"list\">\n\t\t\t\t\t\t\t<span class=\"elementor-grid-item\" role=\"listitem\">\n\t\t\t\t\t<a class=\"elementor-icon elementor-social-icon elementor-social-icon-facebook elementor-repeater-item-23c48db\" href=\"https:\/\/www.facebook.com\/Woodyarc-100128392055401\" target=\"_blank\">\n\t\t\t\t\t\t<span class=\"elementor-screen-only\">Facebook<\/span>\n\t\t\t\t\t\t<i aria-hidden=\"true\" class=\"fab fa-facebook\"><\/i>\t\t\t\t\t<\/a>\n\t\t\t\t<\/span>\n\t\t\t\t\t\t\t<span class=\"elementor-grid-item\" role=\"listitem\">\n\t\t\t\t\t<a class=\"elementor-icon elementor-social-icon elementor-social-icon-instagram elementor-repeater-item-197c4ad\" href=\"https:\/\/www.instagram.com\/woodyarc_design\/\" target=\"_blank\">\n\t\t\t\t\t\t<span class=\"elementor-screen-only\">Instagram<\/span>\n\t\t\t\t\t\t<i aria-hidden=\"true\" class=\"fab fa-instagram\"><\/i>\t\t\t\t\t<\/a>\n\t\t\t\t<\/span>\n\t\t\t\t\t<\/div>\n\t\t\t\t\t\t<\/div>\n\t\t\t\t<\/div>\n\t\t\t\t\t<\/div>\n\t\t<\/div>\n\t\t\t\t\t<\/div>\n\t\t<\/section>\n\t\t\t\t<\/div>\n\t\t","protected":false},"excerpt":{"rendered":"<p>Kontakta oss Best\u00e4ll ett materialprov eller fr\u00e5ga efter mer information. Best\u00e4ll ett materialprov Best\u00e4ll ett materialprov med hj\u00e4lp av formul\u00e4ret nedan. Kontakt info@woodyarc.fi +358 400 104371 Woodyarc OyHenry Fordin katu 5K00150 Helsingfors Entrepren\u00f6r: ilkka.manner@woodyarc.fi N\u00e5gra profiler Facebook Instagram<\/p>\n","protected":false},"author":2,"featured_media":0,"parent":0,"menu_order":0,"comment_status":"closed","ping_status":"closed","template":"","meta":{"_acf_changed":false,"_monsterinsights_skip_tracking":false,"_monsterinsights_sitenote_active":false,"_monsterinsights_sitenote_note":"","_monsterinsights_sitenote_category":0,"footnotes":""},"class_list":["post-5256","page","type-page","status-publish","hentry"],"acf":[],"yoast_head":"<!-- This site is optimized with the Yoast SEO plugin v27.4 - https:\/\/yoast.com\/product\/yoast-seo-wordpress\/ -->\n<title>Kontakt | Woodyarc - inredning och akustik i tr\u00e4 | Tammerfors<\/title>\n<meta name=\"description\" content=\"Woodyarc \u00e4r bel\u00e4get i Tammerfors och betj\u00e4nar hela Finland. Best\u00e4ll ett materialprov (tr\u00e4paneler och akustik) eller be om mer information.\" \/>\n<meta name=\"robots\" content=\"index, follow, max-snippet:-1, max-image-preview:large, max-video-preview:-1\" \/>\n<link rel=\"canonical\" href=\"https:\/\/woodyarc.com\/sv\/kontakta-oss\/\" \/>\n<meta property=\"og:locale\" content=\"sv_SE\" \/>\n<meta property=\"og:type\" content=\"article\" \/>\n<meta property=\"og:title\" content=\"Kontakt | Woodyarc - inredning och akustik i tr\u00e4 | Tammerfors\" \/>\n<meta property=\"og:description\" content=\"Woodyarc \u00e4r bel\u00e4get i Tammerfors och betj\u00e4nar hela Finland. Best\u00e4ll ett materialprov (tr\u00e4paneler och akustik) eller be om mer information.\" \/>\n<meta property=\"og:url\" content=\"https:\/\/woodyarc.com\/sv\/kontakta-oss\/\" \/>\n<meta property=\"og:site_name\" content=\"Woodyarc\" \/>\n<meta property=\"article:modified_time\" content=\"2025-11-12T09:45:32+00:00\" \/>\n<meta name=\"twitter:card\" content=\"summary_large_image\" \/>\n<meta name=\"twitter:label1\" content=\"Ber\u00e4knad l\u00e4stid\" \/>\n\t<meta name=\"twitter:data1\" content=\"1 minut\" \/>\n<script type=\"application\/ld+json\" class=\"yoast-schema-graph\">{\"@context\":\"https:\\\/\\\/schema.org\",\"@graph\":[{\"@type\":\"WebPage\",\"@id\":\"https:\\\/\\\/woodyarc.com\\\/sv\\\/kontakta-oss\\\/\",\"url\":\"https:\\\/\\\/woodyarc.com\\\/sv\\\/kontakta-oss\\\/\",\"name\":\"Kontakt | Woodyarc - inredning och akustik i tr\u00e4 | Tammerfors\",\"isPartOf\":{\"@id\":\"https:\\\/\\\/woodyarc.com\\\/sv\\\/#website\"},\"datePublished\":\"2021-03-04T07:22:19+00:00\",\"dateModified\":\"2025-11-12T09:45:32+00:00\",\"description\":\"Woodyarc \u00e4r bel\u00e4get i Tammerfors och betj\u00e4nar hela Finland. Best\u00e4ll ett materialprov (tr\u00e4paneler och akustik) eller be om mer information.\",\"breadcrumb\":{\"@id\":\"https:\\\/\\\/woodyarc.com\\\/sv\\\/kontakta-oss\\\/#breadcrumb\"},\"inLanguage\":\"sv-SE\",\"potentialAction\":[{\"@type\":\"ReadAction\",\"target\":[\"https:\\\/\\\/woodyarc.com\\\/sv\\\/kontakta-oss\\\/\"]}]},{\"@type\":\"BreadcrumbList\",\"@id\":\"https:\\\/\\\/woodyarc.com\\\/sv\\\/kontakta-oss\\\/#breadcrumb\",\"itemListElement\":[{\"@type\":\"ListItem\",\"position\":1,\"name\":\"Home\",\"item\":\"https:\\\/\\\/woodyarc.com\\\/sv\\\/startsida\\\/\"},{\"@type\":\"ListItem\",\"position\":2,\"name\":\"Kontakta oss\"}]},{\"@type\":\"WebSite\",\"@id\":\"https:\\\/\\\/woodyarc.com\\\/sv\\\/#website\",\"url\":\"https:\\\/\\\/woodyarc.com\\\/sv\\\/\",\"name\":\"Woodyarc\",\"description\":\"Ratkaisut akustointiin ja puulla sisustamiseen\",\"publisher\":{\"@id\":\"https:\\\/\\\/woodyarc.com\\\/sv\\\/#organization\"},\"potentialAction\":[{\"@type\":\"SearchAction\",\"target\":{\"@type\":\"EntryPoint\",\"urlTemplate\":\"https:\\\/\\\/woodyarc.com\\\/sv\\\/?s={search_term_string}\"},\"query-input\":{\"@type\":\"PropertyValueSpecification\",\"valueRequired\":true,\"valueName\":\"search_term_string\"}}],\"inLanguage\":\"sv-SE\"},{\"@type\":\"Organization\",\"@id\":\"https:\\\/\\\/woodyarc.com\\\/sv\\\/#organization\",\"name\":\"WoodyArc\",\"url\":\"https:\\\/\\\/woodyarc.com\\\/sv\\\/\",\"logo\":{\"@type\":\"ImageObject\",\"inLanguage\":\"sv-SE\",\"@id\":\"https:\\\/\\\/woodyarc.com\\\/sv\\\/#\\\/schema\\\/logo\\\/image\\\/\",\"url\":\"https:\\\/\\\/woodyarc.com\\\/wp-content\\\/uploads\\\/2021\\\/02\\\/woodyarc-logo.png\",\"contentUrl\":\"https:\\\/\\\/woodyarc.com\\\/wp-content\\\/uploads\\\/2021\\\/02\\\/woodyarc-logo.png\",\"width\":600,\"height\":81,\"caption\":\"WoodyArc\"},\"image\":{\"@id\":\"https:\\\/\\\/woodyarc.com\\\/sv\\\/#\\\/schema\\\/logo\\\/image\\\/\"}}]}<\/script>\n<!-- \/ Yoast SEO plugin. -->","yoast_head_json":{"title":"Kontakt | Woodyarc - inredning och akustik i tr\u00e4 | Tammerfors","description":"Woodyarc \u00e4r bel\u00e4get i Tammerfors och betj\u00e4nar hela Finland. Best\u00e4ll ett materialprov (tr\u00e4paneler och akustik) eller be om mer information.","robots":{"index":"index","follow":"follow","max-snippet":"max-snippet:-1","max-image-preview":"max-image-preview:large","max-video-preview":"max-video-preview:-1"},"canonical":"https:\/\/woodyarc.com\/sv\/kontakta-oss\/","og_locale":"sv_SE","og_type":"article","og_title":"Kontakt | Woodyarc - inredning och akustik i tr\u00e4 | Tammerfors","og_description":"Woodyarc \u00e4r bel\u00e4get i Tammerfors och betj\u00e4nar hela Finland. Best\u00e4ll ett materialprov (tr\u00e4paneler och akustik) eller be om mer information.","og_url":"https:\/\/woodyarc.com\/sv\/kontakta-oss\/","og_site_name":"Woodyarc","article_modified_time":"2025-11-12T09:45:32+00:00","twitter_card":"summary_large_image","twitter_misc":{"Ber\u00e4knad l\u00e4stid":"1 minut"},"schema":{"@context":"https:\/\/schema.org","@graph":[{"@type":"WebPage","@id":"https:\/\/woodyarc.com\/sv\/kontakta-oss\/","url":"https:\/\/woodyarc.com\/sv\/kontakta-oss\/","name":"Kontakt | Woodyarc - inredning och akustik i tr\u00e4 | Tammerfors","isPartOf":{"@id":"https:\/\/woodyarc.com\/sv\/#website"},"datePublished":"2021-03-04T07:22:19+00:00","dateModified":"2025-11-12T09:45:32+00:00","description":"Woodyarc \u00e4r bel\u00e4get i Tammerfors och betj\u00e4nar hela Finland. Best\u00e4ll ett materialprov (tr\u00e4paneler och akustik) eller be om mer information.","breadcrumb":{"@id":"https:\/\/woodyarc.com\/sv\/kontakta-oss\/#breadcrumb"},"inLanguage":"sv-SE","potentialAction":[{"@type":"ReadAction","target":["https:\/\/woodyarc.com\/sv\/kontakta-oss\/"]}]},{"@type":"BreadcrumbList","@id":"https:\/\/woodyarc.com\/sv\/kontakta-oss\/#breadcrumb","itemListElement":[{"@type":"ListItem","position":1,"name":"Home","item":"https:\/\/woodyarc.com\/sv\/startsida\/"},{"@type":"ListItem","position":2,"name":"Kontakta oss"}]},{"@type":"WebSite","@id":"https:\/\/woodyarc.com\/sv\/#website","url":"https:\/\/woodyarc.com\/sv\/","name":"Woodyarc","description":"Ratkaisut akustointiin ja puulla sisustamiseen","publisher":{"@id":"https:\/\/woodyarc.com\/sv\/#organization"},"potentialAction":[{"@type":"SearchAction","target":{"@type":"EntryPoint","urlTemplate":"https:\/\/woodyarc.com\/sv\/?s={search_term_string}"},"query-input":{"@type":"PropertyValueSpecification","valueRequired":true,"valueName":"search_term_string"}}],"inLanguage":"sv-SE"},{"@type":"Organization","@id":"https:\/\/woodyarc.com\/sv\/#organization","name":"WoodyArc","url":"https:\/\/woodyarc.com\/sv\/","logo":{"@type":"ImageObject","inLanguage":"sv-SE","@id":"https:\/\/woodyarc.com\/sv\/#\/schema\/logo\/image\/","url":"https:\/\/woodyarc.com\/wp-content\/uploads\/2021\/02\/woodyarc-logo.png","contentUrl":"https:\/\/woodyarc.com\/wp-content\/uploads\/2021\/02\/woodyarc-logo.png","width":600,"height":81,"caption":"WoodyArc"},"image":{"@id":"https:\/\/woodyarc.com\/sv\/#\/schema\/logo\/image\/"}}]}},"_links":{"self":[{"href":"https:\/\/woodyarc.com\/sv\/wp-json\/wp\/v2\/pages\/5256","targetHints":{"allow":["GET"]}}],"collection":[{"href":"https:\/\/woodyarc.com\/sv\/wp-json\/wp\/v2\/pages"}],"about":[{"href":"https:\/\/woodyarc.com\/sv\/wp-json\/wp\/v2\/types\/page"}],"author":[{"embeddable":true,"href":"https:\/\/woodyarc.com\/sv\/wp-json\/wp\/v2\/users\/2"}],"replies":[{"embeddable":true,"href":"https:\/\/woodyarc.com\/sv\/wp-json\/wp\/v2\/comments?post=5256"}],"version-history":[{"count":10,"href":"https:\/\/woodyarc.com\/sv\/wp-json\/wp\/v2\/pages\/5256\/revisions"}],"predecessor-version":[{"id":6470,"href":"https:\/\/woodyarc.com\/sv\/wp-json\/wp\/v2\/pages\/5256\/revisions\/6470"}],"wp:attachment":[{"href":"https:\/\/woodyarc.com\/sv\/wp-json\/wp\/v2\/media?parent=5256"}],"curies":[{"name":"wp","href":"https:\/\/api.w.org\/{rel}","templated":true}]}}